{"id":623,"date":"2020-01-09T08:58:08","date_gmt":"2020-01-09T08:58:08","guid":{"rendered":"http:\/\/www.vladimirmaletic.com\/?page_id=623"},"modified":"2020-08-25T08:24:39","modified_gmt":"2020-08-25T08:24:39","slug":"process","status":"publish","type":"page","link":"https:\/\/www.vladimirmaletic.com\/sr\/process\/","title":{"rendered":"Proces"},"content":{"rendered":"<div class=\"vc_row wpb_row vc_row-fluid\"><div class=\"wpb_column vc_column_container vc_col-sm-12\"><div class=\"vc_column-inner\"><div class=\"wpb_wrapper\"><div class=\"vc_row wpb_row vc_inner vc_row-fluid\"><div class=\"wpb_column vc_column_container vc_col-sm-12\"><div class=\"vc_column-inner\"><div class=\"wpb_wrapper\">\n\t<div class=\"wpb_text_column wpb_content_element  wpb_animate_when_almost_visible wpb_fadeIn fadeIn\" >\n\t\t<div class=\"wpb_wrapper\">\n\t\t\t<h2 style=\"text-align: center; color: 3da1ff;\"><strong>Projektovanje prostora<\/strong><\/h2>\n<p style=\"text-align: center;\">Prilikom preuzimanja kompletnog dizajna objekta, obi\u010dno prolazimo kroz niz etapa dizajniranja. Ovo je va\u017eno da bi se razvio zami\u0161ljeni kreirani prostor i da bi vam omogu\u0107ili da u potpunosti razumete i vizuelizujete rad dok se razvija.<\/p>\n\n\t\t<\/div>\n\t<\/div>\n<div class=\"cz_gap clr\" style=\"height: 50px\"><\/div><\/div><\/div><\/div><\/div><div class=\"vc_row wpb_row vc_inner vc_row-fluid no_padding vc_custom_1579533528816\"><div class=\"wpb_column vc_column_container vc_col-sm-1\/5 vc_hidden-xs\"><div class=\"vc_column-inner\"><div class=\"wpb_wrapper\"><div id=\"cz_35122\" class=\"cz_35122 cz_process_road cz_road_rb cz_road_icon_rhombus cz_road_1px\"><i><span>1<\/span><\/i><div class=\"cz_process_road_a\"><\/div><div class=\"cz_process_road_b\"><\/div><\/div><\/div><\/div><\/div><div class=\"wpb_column vc_column_container vc_col-sm-1\/5 vc_hidden-xs\"><div class=\"vc_column-inner\"><div class=\"wpb_wrapper\"><div id=\"cz_107444\" class=\"cz_107444 cz_process_road cz_road_hd cz_road_icon_rhombus cz_road_1px\"><i><span>2<\/span><\/i><div class=\"cz_process_road_a\"><\/div><div class=\"cz_process_road_b\"><\/div><\/div><\/div><\/div><\/div><div class=\"wpb_column vc_column_container vc_col-sm-1\/5 vc_hidden-xs\"><div class=\"vc_column-inner\"><div class=\"wpb_wrapper\"><div id=\"cz_58434\" class=\"cz_58434 cz_process_road cz_road_hd cz_road_icon_rhombus cz_road_1px\"><i><span>3<\/span><\/i><div class=\"cz_process_road_a\"><\/div><div class=\"cz_process_road_b\"><\/div><\/div><\/div><\/div><\/div><div class=\"wpb_column vc_column_container vc_col-sm-1\/5 vc_hidden-xs\"><div class=\"vc_column-inner\"><div class=\"wpb_wrapper\"><div id=\"cz_107855\" class=\"cz_107855 cz_process_road cz_road_hd cz_road_icon_rhombus cz_road_1px\"><i><span>4<\/span><\/i><div class=\"cz_process_road_a\"><\/div><div class=\"cz_process_road_b\"><\/div><\/div><\/div><\/div><\/div><div class=\"wpb_column vc_column_container vc_col-sm-1\/5\"><div class=\"vc_column-inner\"><div class=\"wpb_wrapper\"><div id=\"cz_56497\" class=\"cz_56497 cz_process_road cz_road_hd cz_road_icon_rhombus cz_road_1px\"><i><span>5<\/span><\/i><div class=\"cz_process_road_a\"><\/div><div class=\"cz_process_road_b\"><\/div><\/div><\/div><\/div><\/div><\/div><div class=\"vc_row wpb_row vc_inner vc_row-fluid\"><div class=\"wpb_column vc_column_container vc_col-sm-1\/5\"><div class=\"vc_column-inner\"><div class=\"wpb_wrapper\"><a href=\"#\"><div id=\"cz_65962\" class=\"cz_65962 services clr style1 services_b\"><div class=\"service_custom\"><i class=\"fa czico-088-speech-bubble-1\"><\/i><\/div><div class=\"service_text\"><h3>Po\u010detak<\/h3><i class=\"cz_sb_sep_icon fa fa-sort-desc\"><\/i><div class=\"cz_wpe_content\"><h4 style=\"color: #ffffff;\">Programiranje<\/h4>\n<p><span style=\"color: #ffffff;\">Programiranje podrazumeva izradu opse\u017enog opisa predlo\u017eenih prostora. Identifikuje posebne prostore, dimenzije, obloge, opremu, bud\u017eet i posebne zahteve. Ovaj dokument koristimo za utvr\u0111ivanje parametara dizajna.<br \/>\n<\/span><\/div><\/div><\/div><\/a><\/div><\/div><\/div><div class=\"wpb_column vc_column_container vc_col-sm-1\/5\"><div class=\"vc_column-inner\"><div class=\"wpb_wrapper\"><a href=\"#\"><div id=\"cz_38902\" class=\"cz_38902 services clr style1 services_b\"><div class=\"service_custom\"><i class=\"fa fa-pencil-square-o\"><\/i><\/div><div class=\"service_text\"><h3>Dizajniranje<\/h3><i class=\"cz_sb_sep_icon fa fa-sort-desc\"><\/i><div class=\"cz_wpe_content\"><h4 style=\"color: #ffffff;\">\u0160ematski dizajn<\/h4>\n<p><span style=\"color: #ffffff;\">\u0160ematski dizajn je faza kada se stvaraju skice razli\u010ditih dizajnerskih ideja. Detaljno ih pregledamo sa vama i povezujemo ih sa programskim zahtevima kako bismo osigurali da ni\u0161ta nije zanemareno. \u010cesto u ovoj fazi gradimo fizi\u010dke modele ili koristimo ra\u010dunarsko prikazivanje da bismo vam objasnili kako \u0107e prostori raditi i kakav \u0107e ose\u0107aj biti.<\/span><\/div><\/div><\/div><\/a><\/div><\/div><\/div><div class=\"wpb_column vc_column_container vc_col-sm-1\/5\"><div class=\"vc_column-inner\"><div class=\"wpb_wrapper\"><a href=\"#\"><div id=\"cz_18357\" class=\"cz_18357 services clr style1 services_b\"><div class=\"service_custom\"><i class=\"fa fa-map-o\"><\/i><\/div><div class=\"service_text\"><h3>Definisani dizajn<\/h3><i class=\"cz_sb_sep_icon fa fa-sort-desc\"><\/i><div class=\"cz_wpe_content\"><h4 style=\"color: #ffffff;\">Razvoj dizajna<\/h4>\n<p><span style=\"color: #ffffff;\">Jednom kada je \u0161ematski dizajn usvojen, tada se preduzimaju mnoga usavr\u0161avanja kako bi se dizajn ta\u010dnije prilagodio programu. Zavr\u0161na obrada sobe, materijali i metode su integrisani da pobolj\u0161aju rad. U ovoj fazi ponovo sara\u0111ujemo s vama kako bismo osigurali da se projekat razvija prema va\u0161im specifi\u010dnim potrebama.<\/span><\/div><\/div><\/div><\/a><\/div><\/div><\/div><div class=\"wpb_column vc_column_container vc_col-sm-1\/5\"><div class=\"vc_column-inner\"><div class=\"wpb_wrapper\"><a href=\"#\"><div id=\"cz_99429\" class=\"cz_99429 services clr style1 services_b\"><div class=\"service_custom\"><i class=\"fa fa-building-o\"><\/i><\/div><div class=\"service_text\"><h3>Modeliranje i analiza<\/h3><i class=\"cz_sb_sep_icon fa fa-sort-desc\"><\/i><div class=\"cz_wpe_content\"><h4 style=\"vertical-align: middle; color: #fff;\">Tehni\u010dki pregled<\/h4>\n<p><span style=\"color: #fff;\">Zajedno sa razvojem dizajna vr\u0161imo stalni tehni\u010dki pregled. Analiza odre\u0111enog dizajna omogu\u0107ava nam precizno prilago\u0111avanje tehni\u010dkih aspekata. Uobi\u010dajeno je da se izvodi ra\u010dunarsko modeliranje sobne akustike ili testiranje fizi\u010dkog modela da bi se unapred odredile karakteristike. Sva potrebna usavr\u0161avanja usvajaju se u razvoju dizajna.<\/span><\/div><\/div><\/div><\/a><\/div><\/div><\/div><div class=\"wpb_column vc_column_container vc_col-sm-1\/5\"><div class=\"vc_column-inner\"><div class=\"wpb_wrapper\"><a href=\"#\"><div id=\"cz_27307\" class=\"cz_27307 services clr style1 services_b\"><div class=\"service_custom\"><i class=\"fa fa-building-o\"><\/i><\/div><div class=\"service_text\"><h3>Detalji projekta<\/h3><i class=\"cz_sb_sep_icon fa fa-sort-desc\"><\/i><div class=\"cz_wpe_content\"><h4 style=\"color: #ffffff;\">Radni crte\u017ei<\/h4>\n<p><span style=\"color: #ffffff;\">Kada ste zadovoljni razvojem dizajna, zapo\u010dinjemo s pripremom detaljnih radnih crte\u017ea i specifikacija. Ponosni smo na stvaranje jasnih i sa\u017eetih gra\u0111evinskih dokumenata koji su klju\u010dni u minimiziranju tipi\u010dnih gre\u0161aka koje se do\u017eivljavaju tokom izgradnje.<\/span><\/div><\/div><\/div><\/a><\/div><\/div><\/div><\/div><div class=\"cz_gap clr  hide_on_tablet hide_on_mobile\" style=\"height: 50px\"><\/div><div class=\"cz_gap show_on_tablet clr\" style=\"height: 0px\"><\/div><\/div><\/div><\/div><\/div><div class=\"vc_row wpb_row vc_row-fluid\"><div class=\"wpb_column vc_column_container vc_col-sm-12\"><div class=\"vc_column-inner\"><div class=\"wpb_wrapper\"><div class=\"vc_row wpb_row vc_inner vc_row-fluid no_padding vc_custom_1497765507667\"><div class=\"wpb_column vc_column_container vc_col-sm-1\/5 vc_hidden-xs\"><div class=\"vc_column-inner\"><div class=\"wpb_wrapper\"><div id=\"cz_88777\" class=\"cz_88777 cz_process_road cz_road_hd cz_road_icon_rhombus cz_road_1px\"><i><span>6<\/span><\/i><div class=\"cz_process_road_a\"><\/div><div class=\"cz_process_road_b\"><\/div><\/div><\/div><\/div><\/div><div class=\"wpb_column vc_column_container vc_col-sm-1\/5 vc_hidden-xs\"><div class=\"vc_column-inner\"><div class=\"wpb_wrapper\"><div id=\"cz_23813\" class=\"cz_23813 cz_process_road cz_road_hd cz_road_icon_rhombus cz_road_1px\"><i><span>7<\/span><\/i><div class=\"cz_process_road_a\"><\/div><div class=\"cz_process_road_b\"><\/div><\/div><\/div><\/div><\/div><div class=\"wpb_column vc_column_container vc_col-sm-1\/5 vc_hidden-xs\"><div class=\"vc_column-inner\"><div class=\"wpb_wrapper\"><div id=\"cz_88222\" class=\"cz_88222 cz_process_road cz_road_hd cz_road_icon_rhombus cz_road_1px\"><i><span>8<\/span><\/i><div class=\"cz_process_road_a\"><\/div><div class=\"cz_process_road_b\"><\/div><\/div><\/div><\/div><\/div><div class=\"wpb_column vc_column_container vc_col-sm-1\/5 vc_hidden-xs\"><div class=\"vc_column-inner\"><div class=\"wpb_wrapper\"><div id=\"cz_90487\" class=\"cz_90487 cz_process_road cz_road_lb cz_road_icon_rhombus cz_road_1px\"><i><span>9<\/span><\/i><div class=\"cz_process_road_a\"><\/div><div class=\"cz_process_road_b\"><\/div><\/div><\/div><\/div><\/div><div class=\"wpb_column vc_column_container vc_col-sm-1\/5\"><div class=\"vc_column-inner\"><div class=\"wpb_wrapper\"><\/div><\/div><\/div><\/div><div class=\"vc_row wpb_row vc_inner vc_row-fluid\"><div class=\"wpb_column vc_column_container vc_col-sm-1\/5\"><div class=\"vc_column-inner\"><div class=\"wpb_wrapper\"><a href=\"#\"><div id=\"cz_62679\" class=\"cz_62679 services clr style1 services_b\"><div class=\"service_custom\"><i class=\"fa fa-comments\"><\/i><\/div><div class=\"service_text\"><h3>Isporuka crte\u017ea<\/h3><i class=\"cz_sb_sep_icon fa fa-sort-desc\"><\/i><div class=\"cz_wpe_content\"><h4 style=\"color: #ffff;\">Pregled i izdavaje<\/h4>\n<p><span style=\"color: #ffffff;\">Pre nego \u0161to na\u0161a kancelarija objavi bilo koji dokument, proveravamo i pregledamo svaku komponentu\nna kompletnost i ta\u010dnost. Razvili smo sisteme za upravljanje dokumentima kako bismo osigurali da\npru\u017eamo samo kvalitetan rad. Nudimo sveobuhvatan i vrlo detaljan pristup pru\u017eanju gra\u0111evinskih\nusluga. Nakon zavr\u0161etka projektnih radova, mo\u017eemo pokrenuti bilo koji ili sve potrebne gra\u0111evinske\nradove. Za projekte \"klju\u010d u ruke\" bi\u0107e usvojen slede\u0107i proces<\/span><\/div><\/div><\/div><\/a><\/div><\/div><\/div><div class=\"wpb_column vc_column_container vc_col-sm-1\/5\"><div class=\"vc_column-inner\"><div class=\"wpb_wrapper\"><a href=\"#\"><div id=\"cz_46865\" class=\"cz_46865 services clr style1 services_b\"><div class=\"service_custom\"><i class=\"fa fa-pencil-square-o\"><\/i><\/div><div class=\"service_text\"><h3>Prora\u010dunate odluke<\/h3><i class=\"cz_sb_sep_icon fa fa-sort-desc\"><\/i><div class=\"cz_wpe_content\"><h4 style=\"color: #ffffff;\">Analiza tro\u0161kova<\/h4>\n<p><span style=\"color: #ffffff;\">Crte\u017ei se analiziraju i ra\u0161\u010dlanjuju u detaljne standardne konstrukcione kategorije. Startne koli\u010dine materijala su odredjene i izdaju se svim nabavnim odeljenjima. Na osnovu komponentne podele startnih koli\u010dina, sastavlja se kompletan tro\u0161kovnik. Ako su potrebne revizije, materijali i metode se prilago\u0111avaju u skladu sa va\u0161im potrebama.<\/span><\/div><\/div><\/div><\/a><\/div><\/div><\/div><div class=\"wpb_column vc_column_container vc_col-sm-1\/5\"><div class=\"vc_column-inner\"><div class=\"wpb_wrapper\"><a href=\"#\"><div id=\"cz_17515\" class=\"cz_17515 services clr style1 services_b\"><div class=\"service_custom\"><i class=\"fa fa-map-o\"><\/i><\/div><div class=\"service_text\"><h3>Po\u010detak gradnje<\/h3><i class=\"cz_sb_sep_icon fa fa-sort-desc\"><\/i><div class=\"cz_wpe_content\"><h4 style=\"color: #ffffff;\">Gradjevinski raspored<\/h4>\n<p><span style=\"color: #ffffff;\">Nakon \u0161to je sve dogovoreno, utvrdjuje se op\u0161ti raspored projekta koji detaljno opisuje sve aspekte kako je rad orkestriran, da bi se ispunili projektni rokovi. Ovaj raspored se a\u017eurira svake nedelje, kako radovi napreduju, a da bi se utvrdilo jesu li neophodna prilago\u0111avanja rasporeda kako bismo bili na dobrom putu.<\/span><\/div><\/div><\/div><\/a><\/div><\/div><\/div><div class=\"wpb_column vc_column_container vc_col-sm-1\/5\"><div class=\"vc_column-inner\"><div class=\"wpb_wrapper\"><a href=\"#\"><div id=\"cz_76620\" class=\"cz_76620 services clr style1 services_b\"><div class=\"service_custom\"><i class=\"fa fa-building-o\"><\/i><\/div><div class=\"service_text\"><h3>Zavr\u0161en prostor<\/h3><i class=\"cz_sb_sep_icon fa fa-sort-desc\"><\/i><div class=\"cz_wpe_content\"><h4 style=\"color: #ffffff;\">Po useljenju<\/h4>\n<p><span style=\"color: #ffffff;\">Kada je dizajn realizovan, a va\u0161 objekat zauzet i u upotrebi, vr\u0161imo testiranje da bismo proverili rad i otkrili nedostatke. Tako\u0111e sara\u0111ujemo s vama u kalibraciji audio sistema kako bismo osigurali da sve funkcioni\u0161e do vrhunskih mogu\u0107nosti. Prikupljamo sve povezane podatke, dokumente dobavlja\u010da, garancije itd. neophodne za upravljanje objektima.<\/span><\/div><\/div><\/div><\/a><\/div><\/div><\/div><div class=\"wpb_column vc_column_container vc_col-sm-1\/5\"><div class=\"vc_column-inner\"><div class=\"wpb_wrapper\"><\/div><\/div><\/div><\/div><div class=\"cz_gap clr  hide_on_tablet hide_on_mobile\" style=\"height: 50px\"><\/div><div class=\"cz_gap show_on_tablet clr\" style=\"height: 0px\"><\/div><\/div><\/div><\/div><\/div>","protected":false},"excerpt":{"rendered":"Designing a Facility When undertaking the complete design of a facility we typically go through a number of design sequences.These","protected":false},"author":1,"featured_media":0,"parent":0,"menu_order":0,"comment_status":"closed","ping_status":"closed","template":"","meta":[],"yoast_head":"<!-- This site is optimized with the Yoast SEO plugin v15.9.2 - https:\/\/yoast.com\/wordpress\/plugins\/seo\/ -->\n<title>Process | Vladimir Maleti\u0107<\/title>\n<meta name=\"robots\" content=\"index, follow, max-snippet:-1, max-image-preview:large, max-video-preview:-1\" \/>\n<link rel=\"canonical\" href=\"https:\/\/www.vladimirmaletic.com\/sr\/process\/\" \/>\n<meta property=\"og:locale\" content=\"sr_RS\" \/>\n<meta property=\"og:type\" content=\"article\" \/>\n<meta property=\"og:title\" content=\"Process | Vladimir Maleti\u0107\" \/>\n<meta property=\"og:url\" content=\"https:\/\/www.vladimirmaletic.com\/sr\/process\/\" \/>\n<meta property=\"og:site_name\" content=\"Vladimir Maleti\u0107\" \/>\n<meta property=\"article:modified_time\" content=\"2020-08-25T08:24:39+00:00\" \/>\n<meta name=\"twitter:card\" content=\"summary_large_image\" \/>\n<meta name=\"twitter:label1\" content=\"Est. reading time\">\n\t<meta name=\"twitter:data1\" content=\"8 \u043c\u0438\u043d\u0443\u0442\u0430\">\n<script type=\"application\/ld+json\" class=\"yoast-schema-graph\">{\"@context\":\"https:\/\/schema.org\",\"@graph\":[{\"@type\":\"Organization\",\"@id\":\"https:\/\/www.vladimirmaletic.com\/#organization\",\"name\":\"Vladimir Maleti\\u0107\",\"url\":\"https:\/\/www.vladimirmaletic.com\/\",\"sameAs\":[],\"logo\":{\"@type\":\"ImageObject\",\"@id\":\"https:\/\/www.vladimirmaletic.com\/#logo\",\"inLanguage\":\"sr-RS\",\"url\":\"https:\/\/www.vladimirmaletic.com\/wp-content\/uploads\/2020\/08\/VladaMaleticSm.jpg\",\"width\":120,\"height\":80,\"caption\":\"Vladimir Maleti\\u0107\"},\"image\":{\"@id\":\"https:\/\/www.vladimirmaletic.com\/#logo\"}},{\"@type\":\"WebSite\",\"@id\":\"https:\/\/www.vladimirmaletic.com\/#website\",\"url\":\"https:\/\/www.vladimirmaletic.com\/\",\"name\":\"Vladimir Maleti\\u0107 | acoustic intelligent designdesig\",\"description\":\"Acoustic intelligent design | Projects of interior acoustic\",\"publisher\":{\"@id\":\"https:\/\/www.vladimirmaletic.com\/#organization\"},\"potentialAction\":[{\"@type\":\"SearchAction\",\"target\":\"https:\/\/www.vladimirmaletic.com\/?s={search_term_string}\",\"query-input\":\"required name=search_term_string\"}],\"inLanguage\":\"sr-RS\"},{\"@type\":\"WebPage\",\"@id\":\"https:\/\/www.vladimirmaletic.com\/sr\/process\/#webpage\",\"url\":\"https:\/\/www.vladimirmaletic.com\/sr\/process\/\",\"name\":\"Process | Vladimir Maleti\\u0107\",\"isPartOf\":{\"@id\":\"https:\/\/www.vladimirmaletic.com\/#website\"},\"datePublished\":\"2020-01-09T08:58:08+00:00\",\"dateModified\":\"2020-08-25T08:24:39+00:00\",\"breadcrumb\":{\"@id\":\"https:\/\/www.vladimirmaletic.com\/sr\/process\/#breadcrumb\"},\"inLanguage\":\"sr-RS\",\"potentialAction\":[{\"@type\":\"ReadAction\",\"target\":[\"https:\/\/www.vladimirmaletic.com\/sr\/process\/\"]}]},{\"@type\":\"BreadcrumbList\",\"@id\":\"https:\/\/www.vladimirmaletic.com\/sr\/process\/#breadcrumb\",\"itemListElement\":[{\"@type\":\"ListItem\",\"position\":1,\"item\":{\"@type\":\"WebPage\",\"@id\":\"https:\/\/www.vladimirmaletic.com\/\",\"url\":\"https:\/\/www.vladimirmaletic.com\/\",\"name\":\"Home\"}},{\"@type\":\"ListItem\",\"position\":2,\"item\":{\"@type\":\"WebPage\",\"@id\":\"https:\/\/www.vladimirmaletic.com\/sr\/process\/\",\"url\":\"https:\/\/www.vladimirmaletic.com\/sr\/process\/\",\"name\":\"Process\"}}]}]}<\/script>\n<!-- \/ Yoast SEO plugin. -->","_links":{"self":[{"href":"https:\/\/www.vladimirmaletic.com\/sr\/wp-json\/wp\/v2\/pages\/623"}],"collection":[{"href":"https:\/\/www.vladimirmaletic.com\/sr\/wp-json\/wp\/v2\/pages"}],"about":[{"href":"https:\/\/www.vladimirmaletic.com\/sr\/wp-json\/wp\/v2\/types\/page"}],"author":[{"embeddable":true,"href":"https:\/\/www.vladimirmaletic.com\/sr\/wp-json\/wp\/v2\/users\/1"}],"replies":[{"embeddable":true,"href":"https:\/\/www.vladimirmaletic.com\/sr\/wp-json\/wp\/v2\/comments?post=623"}],"version-history":[{"count":0,"href":"https:\/\/www.vladimirmaletic.com\/sr\/wp-json\/wp\/v2\/pages\/623\/revisions"}],"wp:attachment":[{"href":"https:\/\/www.vladimirmaletic.com\/sr\/wp-json\/wp\/v2\/media?parent=623"}],"curies":[{"name":"wp","href":"https:\/\/api.w.org\/{rel}","templated":true}]}}